{"id":384,"date":"2024-03-06T11:20:14","date_gmt":"2024-03-06T10:20:14","guid":{"rendered":"https:\/\/www.sica-chauny.com\/?page_id=384"},"modified":"2024-03-06T11:51:08","modified_gmt":"2024-03-06T10:51:08","slug":"legals-notices","status":"publish","type":"page","link":"https:\/\/amg-antimony.com\/en\/legals-notices\/","title":{"rendered":"Legals notices"},"content":{"rendered":"\n<div class=\"wp-block-buttons is-layout-flex wp-block-buttons-is-layout-flex\">\n<div class=\"wp-block-button btn\"><a class=\"wp-block-button__link wp-element-button\" href=\"https:\/\/www.sica-chauny.com\/wp-content\/uploads\/2024\/03\/declaration_egapro_875520017_2024.pdf\" target=\"_blank\" rel=\"noreferrer noopener\">Gender equality index<\/a><\/div>\n<\/div>\n\n\n\n<div class=\"wp-block-group\"><div class=\"wp-block-group__inner-container is-layout-constrained wp-block-group-is-layout-constrained\">\n<h3 class=\"wp-block-heading\">Editor<\/h3>\n\n\n\n<p>This site is edited by: Soci\u00e9t\u00e9 Industrielle et Chimique de l&#8217;Aisne<\/p>\n\n\n\n<p>Head Office: 38 rue G\u00e9o Lufb\u00e9ry 02 300 Chauny<\/p>\n\n\n\n<p>SIRET: 875 520 017 00018<\/p>\n\n\n\n<p>RCS: St Quentin B875 520 017<\/p>\n\n\n\n<p>APE Code: 2059Z<\/p>\n\n\n\n<p>VAT: FR77 875 520 017<\/p>\n<\/div><\/div>\n","protected":false},"excerpt":{"rendered":"<p>Editor This site is edited by: Soci\u00e9t\u00e9 Industrielle et Chimique de l&#8217;Aisne Head Office: 38 rue G\u00e9o Lufb\u00e9ry 02 300 Chauny SIRET: 875 520 017 00018 RCS: St Quentin B875 520 017 APE Code: 2059Z VAT: FR77 875 520 017<\/p>\n","protected":false},"author":1,"featured_media":252,"parent":0,"menu_order":0,"comment_status":"closed","ping_status":"closed","template":"","meta":{"footnotes":""},"class_list":["post-384","page","type-page","status-publish","has-post-thumbnail","hentry"],"acf":[],"_links":{"self":[{"href":"https:\/\/amg-antimony.com\/en\/wp-json\/wp\/v2\/pages\/384","targetHints":{"allow":["GET"]}}],"collection":[{"href":"https:\/\/amg-antimony.com\/en\/wp-json\/wp\/v2\/pages"}],"about":[{"href":"https:\/\/amg-antimony.com\/en\/wp-json\/wp\/v2\/types\/page"}],"author":[{"embeddable":true,"href":"https:\/\/amg-antimony.com\/en\/wp-json\/wp\/v2\/users\/1"}],"replies":[{"embeddable":true,"href":"https:\/\/amg-antimony.com\/en\/wp-json\/wp\/v2\/comments?post=384"}],"version-history":[{"count":2,"href":"https:\/\/amg-antimony.com\/en\/wp-json\/wp\/v2\/pages\/384\/revisions"}],"predecessor-version":[{"id":387,"href":"https:\/\/amg-antimony.com\/en\/wp-json\/wp\/v2\/pages\/384\/revisions\/387"}],"wp:featuredmedia":[{"embeddable":true,"href":"https:\/\/amg-antimony.com\/en\/wp-json\/wp\/v2\/media\/252"}],"wp:attachment":[{"href":"https:\/\/amg-antimony.com\/en\/wp-json\/wp\/v2\/media?parent=384"}],"curies":[{"name":"wp","href":"https:\/\/api.w.org\/{rel}","templated":true}]}}